{"id":153,"date":"2025-04-22T11:29:37","date_gmt":"2025-04-22T14:29:37","guid":{"rendered":"https:\/\/dantaseschubert.adv.br\/?page_id=153"},"modified":"2025-04-22T11:31:09","modified_gmt":"2025-04-22T14:31:09","slug":"quem-somos-dantas-schubert-advogados","status":"publish","type":"page","link":"https:\/\/dantaseschubert.adv.br\/index.php\/quem-somos-dantas-schubert-advogados\/","title":{"rendered":"Quem Somos &#8211; Dantas &amp; Schubert Advogados"},"content":{"rendered":"\t\t<div data-elementor-type=\"wp-page\" data-elementor-id=\"153\" class=\"elementor elementor-153\" data-elementor-post-type=\"page\">\n\t\t\t\t<div class=\"elementor-element elementor-element-905dc71 e-flex e-con-boxed e-con e-parent\" data-id=\"905dc71\" data-element_type=\"container\">\n\t\t\t\t\t<div class=\"e-con-inner\">\n\t\t<div class=\"elementor-element elementor-element-3995ecd e-con-full e-flex e-con e-child\" data-id=\"3995ecd\" data-element_type=\"container\">\n\t\t\t\t<div class=\"elementor-element elementor-element-9df4b66 elementor-widget elementor-widget-heading\" data-id=\"9df4b66\" data-element_type=\"widget\" data-widget_type=\"heading.default\">\n\t\t\t\t<div class=\"elementor-widget-container\">\n\t\t\t\t\t<h2 class=\"elementor-heading-title elementor-size-default\">Sobre a Dantas &amp; Schubert<\/h2>\t\t\t\t<\/div>\n\t\t\t\t<\/div>\n\t\t\t\t<div class=\"elementor-element elementor-element-32c0411 elementor-widget elementor-widget-text-editor\" data-id=\"32c0411\" data-element_type=\"widget\" data-widget_type=\"text-editor.default\">\n\t\t\t\t<div class=\"elementor-widget-container\">\n\t\t\t\t\t\t\t\t\t<p><strong data-start=\"170\" data-end=\"332\">A Dantas &amp; Schubert Advogados nasce da uni\u00e3o de duas trajet\u00f3rias s\u00f3lidas e complementares no universo jur\u00eddico: Alessandro Dantas e Franz Schubert Cavalcanti.<\/strong> Com vasta experi\u00eancia, profundo conhecimento t\u00e9cnico e uma abordagem humanizada, o escrit\u00f3rio oferece solu\u00e7\u00f5es jur\u00eddicas com excel\u00eancia, \u00e9tica e comprometimento. Uma advocacia constru\u00edda com di\u00e1logo, confian\u00e7a e foco em resultados reais para seus clientes.<\/p>\t\t\t\t\t\t\t\t<\/div>\n\t\t\t\t<\/div>\n\t\t\t\t<\/div>\n\t\t<div class=\"elementor-element elementor-element-b3f0143 e-con-full e-flex e-con e-child\" data-id=\"b3f0143\" data-element_type=\"container\">\n\t\t\t\t<div class=\"elementor-element elementor-element-968a412 elementor-widget elementor-widget-image\" data-id=\"968a412\" data-element_type=\"widget\" data-widget_type=\"image.default\">\n\t\t\t\t<div class=\"elementor-widget-container\">\n\t\t\t\t\t\t\t\t\t\t\t\t\t\t\t<img fetchpriority=\"high\" decoding=\"async\" width=\"570\" height=\"400\" src=\"https:\/\/dantaseschubert.adv.br\/wp-content\/uploads\/2025\/04\/quem-somos.webp\" class=\"attachment-large size-large wp-image-60\" alt=\"\" srcset=\"https:\/\/dantaseschubert.adv.br\/wp-content\/uploads\/2025\/04\/quem-somos.webp 570w, https:\/\/dantaseschubert.adv.br\/wp-content\/uploads\/2025\/04\/quem-somos-300x211.webp 300w\" sizes=\"(max-width: 570px) 100vw, 570px\" \/>\t\t\t\t\t\t\t\t\t\t\t\t\t\t\t<\/div>\n\t\t\t\t<\/div>\n\t\t\t\t<\/div>\n\t\t\t\t\t<\/div>\n\t\t\t\t<\/div>\n\t\t<div class=\"elementor-element elementor-element-90b7741 e-flex e-con-boxed e-con e-parent\" data-id=\"90b7741\" data-element_type=\"container\" data-settings=\"{&quot;background_background&quot;:&quot;classic&quot;}\">\n\t\t\t\t\t<div class=\"e-con-inner\">\n\t\t\t\t<div class=\"elementor-element elementor-element-2e6ff3b elementor-widget elementor-widget-heading\" data-id=\"2e6ff3b\" data-element_type=\"widget\" data-widget_type=\"heading.default\">\n\t\t\t\t<div class=\"elementor-widget-container\">\n\t\t\t\t\t<h2 class=\"elementor-heading-title elementor-size-default\">Quem \u00e9 Dantas &amp; Schubert<\/h2>\t\t\t\t<\/div>\n\t\t\t\t<\/div>\n\t\t\t\t\t<\/div>\n\t\t\t\t<\/div>\n\t\t<div class=\"elementor-element elementor-element-ded358e e-flex e-con-boxed e-con e-parent\" data-id=\"ded358e\" data-element_type=\"container\" data-settings=\"{&quot;background_background&quot;:&quot;classic&quot;}\">\n\t\t\t\t\t<div class=\"e-con-inner\">\n\t\t<div class=\"elementor-element elementor-element-2b15427 e-con-full e-flex e-con e-child\" data-id=\"2b15427\" data-element_type=\"container\">\n\t\t\t\t<div class=\"elementor-element elementor-element-4f8bd67 elementor-widget elementor-widget-image\" data-id=\"4f8bd67\" data-element_type=\"widget\" data-widget_type=\"image.default\">\n\t\t\t\t<div class=\"elementor-widget-container\">\n\t\t\t\t\t\t\t\t\t\t\t\t\t\t\t<img decoding=\"async\" width=\"500\" height=\"333\" src=\"https:\/\/dantaseschubert.adv.br\/wp-content\/uploads\/2025\/04\/alessandro-dantas.webp\" class=\"attachment-large size-large wp-image-71\" alt=\"\" srcset=\"https:\/\/dantaseschubert.adv.br\/wp-content\/uploads\/2025\/04\/alessandro-dantas.webp 500w, https:\/\/dantaseschubert.adv.br\/wp-content\/uploads\/2025\/04\/alessandro-dantas-300x200.webp 300w\" sizes=\"(max-width: 500px) 100vw, 500px\" \/>\t\t\t\t\t\t\t\t\t\t\t\t\t\t\t<\/div>\n\t\t\t\t<\/div>\n\t\t\t\t<div class=\"elementor-element elementor-element-32d42c7 elementor-widget elementor-widget-heading\" data-id=\"32d42c7\" data-element_type=\"widget\" data-widget_type=\"heading.default\">\n\t\t\t\t<div class=\"elementor-widget-container\">\n\t\t\t\t\t<h2 class=\"elementor-heading-title elementor-size-default\">Dr. Alessandro Dantas<\/h2>\t\t\t\t<\/div>\n\t\t\t\t<\/div>\n\t\t\t\t<div class=\"elementor-element elementor-element-823fc45 elementor-widget elementor-widget-heading\" data-id=\"823fc45\" data-element_type=\"widget\" data-widget_type=\"heading.default\">\n\t\t\t\t<div class=\"elementor-widget-container\">\n\t\t\t\t\t<h2 class=\"elementor-heading-title elementor-size-default\">Advogado S\u00eanior Presidente<\/h2>\t\t\t\t<\/div>\n\t\t\t\t<\/div>\n\t\t\t\t<div class=\"elementor-element elementor-element-249749b elementor-widget elementor-widget-heading\" data-id=\"249749b\" data-element_type=\"widget\" data-widget_type=\"heading.default\">\n\t\t\t\t<div class=\"elementor-widget-container\">\n\t\t\t\t\t<h2 class=\"elementor-heading-title elementor-size-default\">ADVOGADO ESPECIALISTA EM CONCURSOS P\u00daBLICOS, SERVIDORES P\u00daBLICOS E LICITA\u00c7\u00d5ES<\/h2>\t\t\t\t<\/div>\n\t\t\t\t<\/div>\n\t\t\t\t<div class=\"elementor-element elementor-element-0174612 elementor-widget elementor-widget-text-editor\" data-id=\"0174612\" data-element_type=\"widget\" data-widget_type=\"text-editor.default\">\n\t\t\t\t<div class=\"elementor-widget-container\">\n\t\t\t\t\t\t\t\t\t<ul><li>Advogado nacionalmente conhecido na \u00e1rea de concursos p\u00fablicos, servidores p\u00fablicos, PAD, licita\u00e7\u00f5es e contratos;<\/li><li>Ex-Presidente da Comiss\u00e3o de Direito Administrativo da OAB.ES.<\/li><li>Especialista e Mestre na \u00e1rea de Direito P\u00fablico.<\/li><li>Professor de Direito Administrativo em gradua\u00e7\u00e3o, em p\u00f3s-gradua\u00e7\u00e3o, em MBA, da Escola da Magistratura do Estado do Esp\u00edrito Santo, da Escola Superior do Minist\u00e9rio P\u00fablico do Estado do Esp\u00edrito Santo.<\/li><li>Autor de 18 obras jur\u00eddicas relacionadas ao Direito Administrativo<\/li><\/ul>\t\t\t\t\t\t\t\t<\/div>\n\t\t\t\t<\/div>\n\t\t\t\t<div class=\"elementor-element elementor-element-3628514 elementor-align-justify elementor-widget elementor-widget-button\" data-id=\"3628514\" data-element_type=\"widget\" data-widget_type=\"button.default\">\n\t\t\t\t<div class=\"elementor-widget-container\">\n\t\t\t\t\t\t\t\t\t<div class=\"elementor-button-wrapper\">\n\t\t\t\t\t<a class=\"elementor-button elementor-button-link elementor-size-sm\" href=\"#\">\n\t\t\t\t\t\t<span class=\"elementor-button-content-wrapper\">\n\t\t\t\t\t\t\t\t\t<span class=\"elementor-button-text\">Converse com o Dr. Alessandro Dantas<\/span>\n\t\t\t\t\t<\/span>\n\t\t\t\t\t<\/a>\n\t\t\t\t<\/div>\n\t\t\t\t\t\t\t\t<\/div>\n\t\t\t\t<\/div>\n\t\t\t\t<\/div>\n\t\t<div class=\"elementor-element elementor-element-1bc5162 e-con-full e-flex e-con e-child\" data-id=\"1bc5162\" data-element_type=\"container\">\n\t\t\t\t<div class=\"elementor-element elementor-element-bf3de80 elementor-widget elementor-widget-image\" data-id=\"bf3de80\" data-element_type=\"widget\" data-widget_type=\"image.default\">\n\t\t\t\t<div class=\"elementor-widget-container\">\n\t\t\t\t\t\t\t\t\t\t\t\t\t\t\t<img decoding=\"async\" width=\"500\" height=\"333\" src=\"https:\/\/dantaseschubert.adv.br\/wp-content\/uploads\/2025\/04\/franz-schubert-cavalcanti.webp\" class=\"attachment-large size-large wp-image-72\" alt=\"\" srcset=\"https:\/\/dantaseschubert.adv.br\/wp-content\/uploads\/2025\/04\/franz-schubert-cavalcanti.webp 500w, https:\/\/dantaseschubert.adv.br\/wp-content\/uploads\/2025\/04\/franz-schubert-cavalcanti-300x200.webp 300w\" sizes=\"(max-width: 500px) 100vw, 500px\" \/>\t\t\t\t\t\t\t\t\t\t\t\t\t\t\t<\/div>\n\t\t\t\t<\/div>\n\t\t\t\t<div class=\"elementor-element elementor-element-1e5cec0 elementor-widget elementor-widget-heading\" data-id=\"1e5cec0\" data-element_type=\"widget\" data-widget_type=\"heading.default\">\n\t\t\t\t<div class=\"elementor-widget-container\">\n\t\t\t\t\t<h2 class=\"elementor-heading-title elementor-size-default\">Franz Schubert Cavalcanti<\/h2>\t\t\t\t<\/div>\n\t\t\t\t<\/div>\n\t\t\t\t<div class=\"elementor-element elementor-element-9b5a629 elementor-widget elementor-widget-heading\" data-id=\"9b5a629\" data-element_type=\"widget\" data-widget_type=\"heading.default\">\n\t\t\t\t<div class=\"elementor-widget-container\">\n\t\t\t\t\t<h2 class=\"elementor-heading-title elementor-size-default\">Advogado S\u00eanior Presidente<\/h2>\t\t\t\t<\/div>\n\t\t\t\t<\/div>\n\t\t\t\t<div class=\"elementor-element elementor-element-adf3b48 elementor-widget elementor-widget-heading\" data-id=\"adf3b48\" data-element_type=\"widget\" data-widget_type=\"heading.default\">\n\t\t\t\t<div class=\"elementor-widget-container\">\n\t\t\t\t\t<h2 class=\"elementor-heading-title elementor-size-default\">ADVOGADO ESPECIALISTA EM DIREITOS M\u00c9DICOS<\/h2>\t\t\t\t<\/div>\n\t\t\t\t<\/div>\n\t\t\t\t<div class=\"elementor-element elementor-element-71bfb43 elementor-widget elementor-widget-text-editor\" data-id=\"71bfb43\" data-element_type=\"widget\" data-widget_type=\"text-editor.default\">\n\t\t\t\t<div class=\"elementor-widget-container\">\n\t\t\t\t\t\t\t\t\t<ul><li>Grande \u00e1rea: Ci\u00eancias da Sa\u00fade \/ \u00c1rea: Medicina.<\/li><li>Grande \u00e1rea: Ci\u00eancias da Sa\u00fade \/ \u00c1rea: Medicina \/ Sub\u00e1rea: Anestesiologia.<\/li><li>Grande \u00e1rea: Ci\u00eancias Sociais Aplicadas \/ \u00c1rea: Direito.<\/li><li>Grande \u00e1rea: Ci\u00eancias Sociais Aplicadas \/ \u00c1rea: Direito \/ Sub\u00e1rea: Direitos Especiais\/Especialidade: DIREITO NA SA\u00daDE.<\/li><li>Grande \u00e1rea: Ci\u00eancias da Sa\u00fade \/ \u00c1rea: Medicina \/ Sub\u00e1rea: per\u00edcias m\u00e9dicas.<\/li><li>Grande \u00e1rea: Ci\u00eancias Sociais Aplicadas \/ \u00c1rea: Direito \/ Sub\u00e1rea: Direito Privado\/Especialidade: Direito Civil.<\/li><\/ul>\t\t\t\t\t\t\t\t<\/div>\n\t\t\t\t<\/div>\n\t\t\t\t<div class=\"elementor-element elementor-element-3aa921b elementor-align-justify elementor-widget elementor-widget-button\" data-id=\"3aa921b\" data-element_type=\"widget\" data-widget_type=\"button.default\">\n\t\t\t\t<div class=\"elementor-widget-container\">\n\t\t\t\t\t\t\t\t\t<div class=\"elementor-button-wrapper\">\n\t\t\t\t\t<a class=\"elementor-button elementor-button-link elementor-size-sm\" href=\"#\">\n\t\t\t\t\t\t<span class=\"elementor-button-content-wrapper\">\n\t\t\t\t\t\t\t\t\t<span class=\"elementor-button-text\">Converse com o Dr. Franz Schubert Cavalcanti<\/span>\n\t\t\t\t\t<\/span>\n\t\t\t\t\t<\/a>\n\t\t\t\t<\/div>\n\t\t\t\t\t\t\t\t<\/div>\n\t\t\t\t<\/div>\n\t\t\t\t<\/div>\n\t\t\t\t\t<\/div>\n\t\t\t\t<\/div>\n\t\t<div class=\"elementor-element elementor-element-16e2702 e-flex e-con-boxed e-con e-parent\" data-id=\"16e2702\" data-element_type=\"container\" data-settings=\"{&quot;background_background&quot;:&quot;classic&quot;}\">\n\t\t\t\t\t<div class=\"e-con-inner\">\n\t\t\t\t<div class=\"elementor-element elementor-element-f6ff591 elementor-widget elementor-widget-heading\" data-id=\"f6ff591\" data-element_type=\"widget\" data-widget_type=\"heading.default\">\n\t\t\t\t<div class=\"elementor-widget-container\">\n\t\t\t\t\t<h2 class=\"elementor-heading-title elementor-size-default\">Ao entrar em contato, detalhe seu caso para <br>tornar o atendimento mais \u00e1gil.<\/h2>\t\t\t\t<\/div>\n\t\t\t\t<\/div>\n\t\t\t\t<div class=\"elementor-element elementor-element-5f36ffa elementor-button-align-stretch elementor-widget elementor-widget-form\" data-id=\"5f36ffa\" data-element_type=\"widget\" data-settings=\"{&quot;step_next_label&quot;:&quot;Next&quot;,&quot;step_previous_label&quot;:&quot;Previous&quot;,&quot;button_width&quot;:&quot;100&quot;,&quot;step_type&quot;:&quot;number_text&quot;,&quot;step_icon_shape&quot;:&quot;circle&quot;}\" data-widget_type=\"form.default\">\n\t\t\t\t<div class=\"elementor-widget-container\">\n\t\t\t\t\t\t\t<form class=\"elementor-form\" method=\"post\" name=\"New Form\">\n\t\t\t<input type=\"hidden\" name=\"post_id\" value=\"153\"\/>\n\t\t\t<input type=\"hidden\" name=\"form_id\" value=\"5f36ffa\"\/>\n\t\t\t<input type=\"hidden\" name=\"referer_title\" value=\"Quem Somos &#8211; Dantas &amp; Schubert Advogados\" \/>\n\n\t\t\t\t\t\t\t<input type=\"hidden\" name=\"queried_id\" value=\"153\"\/>\n\t\t\t\n\t\t\t<div class=\"elementor-form-fields-wrapper elementor-labels-\">\n\t\t\t\t\t\t\t\t<div class=\"elementor-field-type-text elementor-field-group elementor-column elementor-field-group-name elementor-col-100\">\n\t\t\t\t\t\t\t\t\t\t\t\t<label for=\"form-field-name\" class=\"elementor-field-label elementor-screen-only\">\n\t\t\t\t\t\t\t\tName\t\t\t\t\t\t\t<\/label>\n\t\t\t\t\t\t\t\t\t\t\t\t\t\t<input size=\"1\" type=\"text\" name=\"form_fields[name]\" id=\"form-field-name\" class=\"elementor-field elementor-size-sm  elementor-field-textual\" placeholder=\"Name\">\n\t\t\t\t\t\t\t\t\t\t\t<\/div>\n\t\t\t\t\t\t\t\t<div class=\"elementor-field-type-tel elementor-field-group elementor-column elementor-field-group-email elementor-col-100 elementor-field-required\">\n\t\t\t\t\t\t\t\t\t\t\t\t<label for=\"form-field-email\" class=\"elementor-field-label elementor-screen-only\">\n\t\t\t\t\t\t\t\tWhatsapp\t\t\t\t\t\t\t<\/label>\n\t\t\t\t\t\t\t\t<input size=\"1\" type=\"tel\" name=\"form_fields[email]\" id=\"form-field-email\" class=\"elementor-field elementor-size-sm  elementor-field-textual\" placeholder=\"Whatsapp\" required=\"required\" pattern=\"[0-9()#&amp;+*-=.]+\" title=\"Apenas n\u00fameros e caracteres de telefone (#, -, *, etc.) s\u00e3o aceitos.\">\n\n\t\t\t\t\t\t<\/div>\n\t\t\t\t\t\t\t\t<div class=\"elementor-field-group elementor-column elementor-field-type-submit elementor-col-100 e-form__buttons\">\n\t\t\t\t\t<button class=\"elementor-button elementor-size-sm\" type=\"submit\">\n\t\t\t\t\t\t<span class=\"elementor-button-content-wrapper\">\n\t\t\t\t\t\t\t\t\t\t\t\t\t\t\t\t\t\t\t\t\t\t<span class=\"elementor-button-text\">Solicitar uma Consulta<\/span>\n\t\t\t\t\t\t\t\t\t\t\t\t\t<\/span>\n\t\t\t\t\t<\/button>\n\t\t\t\t<\/div>\n\t\t\t<\/div>\n\t\t<\/form>\n\t\t\t\t\t\t<\/div>\n\t\t\t\t<\/div>\n\t\t\t\t\t<\/div>\n\t\t\t\t<\/div>\n\t\t<div class=\"elementor-element elementor-element-f5d0d12 e-flex e-con-boxed e-con e-parent\" data-id=\"f5d0d12\" data-element_type=\"container\" data-settings=\"{&quot;background_background&quot;:&quot;classic&quot;}\">\n\t\t\t\t\t<div class=\"e-con-inner\">\n\t\t\t\t<div class=\"elementor-element elementor-element-1fd55e51 elementor-widget elementor-widget-heading\" data-id=\"1fd55e51\" data-element_type=\"widget\" data-widget_type=\"heading.default\">\n\t\t\t\t<div class=\"elementor-widget-container\">\n\t\t\t\t\t<h2 class=\"elementor-heading-title elementor-size-default\">leia  alguns de nossos artigos <\/h2>\t\t\t\t<\/div>\n\t\t\t\t<\/div>\n\t\t\t\t<div class=\"elementor-element elementor-element-469338c elementor-widget elementor-widget-heading\" data-id=\"469338c\" data-element_type=\"widget\" data-widget_type=\"heading.default\">\n\t\t\t\t<div class=\"elementor-widget-container\">\n\t\t\t\t\t<h2 class=\"elementor-heading-title elementor-size-default\">Fique por dentro<\/h2>\t\t\t\t<\/div>\n\t\t\t\t<\/div>\n\t\t\t\t\t<\/div>\n\t\t\t\t<\/div>\n\t\t<div class=\"elementor-element elementor-element-e8812d9 e-flex e-con-boxed e-con e-parent\" data-id=\"e8812d9\" data-element_type=\"container\" data-settings=\"{&quot;background_background&quot;:&quot;classic&quot;}\">\n\t\t\t\t\t<div class=\"e-con-inner\">\n\t\t<div class=\"elementor-element elementor-element-6c6042f e-con-full e-flex e-con e-child\" data-id=\"6c6042f\" data-element_type=\"container\">\n\t\t\t\t<div class=\"elementor-element elementor-element-5b5ab132 elementor-widget elementor-widget-heading\" data-id=\"5b5ab132\" data-element_type=\"widget\" data-widget_type=\"heading.default\">\n\t\t\t\t<div class=\"elementor-widget-container\">\n\t\t\t\t\t<h3 class=\"elementor-heading-title elementor-size-default\">erro m\u00e9dico<\/h3>\t\t\t\t<\/div>\n\t\t\t\t<\/div>\n\t\t\t\t<div class=\"elementor-element elementor-element-4e55054e elementor-position-top elementor-widget elementor-widget-image-box\" data-id=\"4e55054e\" data-element_type=\"widget\" data-widget_type=\"image-box.default\">\n\t\t\t\t<div class=\"elementor-widget-container\">\n\t\t\t\t\t<div class=\"elementor-image-box-wrapper\"><figure class=\"elementor-image-box-img\"><img loading=\"lazy\" decoding=\"async\" width=\"433\" height=\"429\" src=\"https:\/\/dantaseschubert.adv.br\/wp-content\/uploads\/2025\/04\/erro-m\u00b4pedico.jpg\" class=\"attachment-full size-full wp-image-123\" alt=\"\" srcset=\"https:\/\/dantaseschubert.adv.br\/wp-content\/uploads\/2025\/04\/erro-m\u00b4pedico.jpg 433w, https:\/\/dantaseschubert.adv.br\/wp-content\/uploads\/2025\/04\/erro-m\u00b4pedico-300x297.jpg 300w, https:\/\/dantaseschubert.adv.br\/wp-content\/uploads\/2025\/04\/erro-m\u00b4pedico-150x150.jpg 150w\" sizes=\"(max-width: 433px) 100vw, 433px\" \/><\/figure><\/div>\t\t\t\t<\/div>\n\t\t\t\t<\/div>\n\t\t\t\t<\/div>\n\t\t<div class=\"elementor-element elementor-element-64c8f09 e-con-full e-flex e-con e-child\" data-id=\"64c8f09\" data-element_type=\"container\">\n\t\t\t\t<div class=\"elementor-element elementor-element-6a9b19ed elementor-widget elementor-widget-heading\" data-id=\"6a9b19ed\" data-element_type=\"widget\" data-widget_type=\"heading.default\">\n\t\t\t\t<div class=\"elementor-widget-container\">\n\t\t\t\t\t<h3 class=\"elementor-heading-title elementor-size-default\">processo \u00e9tico disciplinar<\/h3>\t\t\t\t<\/div>\n\t\t\t\t<\/div>\n\t\t\t\t<div class=\"elementor-element elementor-element-78ac972a elementor-position-top elementor-widget elementor-widget-image-box\" data-id=\"78ac972a\" data-element_type=\"widget\" data-widget_type=\"image-box.default\">\n\t\t\t\t<div class=\"elementor-widget-container\">\n\t\t\t\t\t<div class=\"elementor-image-box-wrapper\"><figure class=\"elementor-image-box-img\"><img loading=\"lazy\" decoding=\"async\" width=\"433\" height=\"418\" src=\"https:\/\/dantaseschubert.adv.br\/wp-content\/uploads\/2025\/04\/perda-da-carteira.jpg\" class=\"attachment-full size-full wp-image-124\" alt=\"\" srcset=\"https:\/\/dantaseschubert.adv.br\/wp-content\/uploads\/2025\/04\/perda-da-carteira.jpg 433w, https:\/\/dantaseschubert.adv.br\/wp-content\/uploads\/2025\/04\/perda-da-carteira-300x290.jpg 300w\" sizes=\"(max-width: 433px) 100vw, 433px\" \/><\/figure><\/div>\t\t\t\t<\/div>\n\t\t\t\t<\/div>\n\t\t\t\t<\/div>\n\t\t<div class=\"elementor-element elementor-element-2340134 e-con-full e-flex e-con e-child\" data-id=\"2340134\" data-element_type=\"container\">\n\t\t\t\t<div class=\"elementor-element elementor-element-33893361 elementor-widget elementor-widget-heading\" data-id=\"33893361\" data-element_type=\"widget\" data-widget_type=\"heading.default\">\n\t\t\t\t<div class=\"elementor-widget-container\">\n\t\t\t\t\t<h3 class=\"elementor-heading-title elementor-size-default\">plano de sa\u00fade<\/h3>\t\t\t\t<\/div>\n\t\t\t\t<\/div>\n\t\t\t\t<div class=\"elementor-element elementor-element-281fbf7f elementor-position-top elementor-widget elementor-widget-image-box\" data-id=\"281fbf7f\" data-element_type=\"widget\" data-widget_type=\"image-box.default\">\n\t\t\t\t<div class=\"elementor-widget-container\">\n\t\t\t\t\t<div class=\"elementor-image-box-wrapper\"><figure class=\"elementor-image-box-img\"><img loading=\"lazy\" decoding=\"async\" width=\"431\" height=\"436\" src=\"https:\/\/dantaseschubert.adv.br\/wp-content\/uploads\/2025\/04\/planos-de-saude.jpg\" class=\"attachment-full size-full wp-image-126\" alt=\"\" srcset=\"https:\/\/dantaseschubert.adv.br\/wp-content\/uploads\/2025\/04\/planos-de-saude.jpg 431w, https:\/\/dantaseschubert.adv.br\/wp-content\/uploads\/2025\/04\/planos-de-saude-297x300.jpg 297w\" sizes=\"(max-width: 431px) 100vw, 431px\" \/><\/figure><\/div>\t\t\t\t<\/div>\n\t\t\t\t<\/div>\n\t\t\t\t<\/div>\n\t\t\t\t\t<\/div>\n\t\t\t\t<\/div>\n\t\t\t\t<\/div>\n\t\t","protected":false},"excerpt":{"rendered":"<p>Sobre a Dantas &#038; Schubert A Dantas &amp; Schubert Advogados nasce da uni\u00e3o de duas trajet\u00f3rias s\u00f3lidas e complementares no universo jur\u00eddico: Alessandro Dantas e Franz Schubert Cavalcanti. Com vasta experi\u00eancia, profundo conhecimento t\u00e9cnico e uma abordagem humanizada, o escrit\u00f3rio oferece solu\u00e7\u00f5es jur\u00eddicas com excel\u00eancia, \u00e9tica e comprometimento. Uma advocacia constru\u00edda com di\u00e1logo, confian\u00e7a e [&hellip;]<\/p>\n","protected":false},"author":1,"featured_media":0,"parent":0,"menu_order":0,"comment_status":"closed","ping_status":"closed","template":"elementor_header_footer","meta":{"footnotes":""},"class_list":["post-153","page","type-page","status-publish","hentry","entry"],"_links":{"self":[{"href":"https:\/\/dantaseschubert.adv.br\/index.php\/wp-json\/wp\/v2\/pages\/153","targetHints":{"allow":["GET"]}}],"collection":[{"href":"https:\/\/dantaseschubert.adv.br\/index.php\/wp-json\/wp\/v2\/pages"}],"about":[{"href":"https:\/\/dantaseschubert.adv.br\/index.php\/wp-json\/wp\/v2\/types\/page"}],"author":[{"embeddable":true,"href":"https:\/\/dantaseschubert.adv.br\/index.php\/wp-json\/wp\/v2\/users\/1"}],"replies":[{"embeddable":true,"href":"https:\/\/dantaseschubert.adv.br\/index.php\/wp-json\/wp\/v2\/comments?post=153"}],"version-history":[{"count":4,"href":"https:\/\/dantaseschubert.adv.br\/index.php\/wp-json\/wp\/v2\/pages\/153\/revisions"}],"predecessor-version":[{"id":157,"href":"https:\/\/dantaseschubert.adv.br\/index.php\/wp-json\/wp\/v2\/pages\/153\/revisions\/157"}],"wp:attachment":[{"href":"https:\/\/dantaseschubert.adv.br\/index.php\/wp-json\/wp\/v2\/media?parent=153"}],"curies":[{"name":"wp","href":"https:\/\/api.w.org\/{rel}","templated":true}]}}